{"id":391,"date":"2025-08-13T10:25:46","date_gmt":"2025-08-13T10:25:46","guid":{"rendered":"https:\/\/costaclotas.panelserver.org\/quienes-somos\/"},"modified":"2025-08-14T14:06:41","modified_gmt":"2025-08-14T14:06:41","slug":"quienes-somos","status":"publish","type":"page","link":"https:\/\/costaclotas.com\/es\/quienes-somos\/","title":{"rendered":"Qui\u00e9nes somos"},"content":{"rendered":"\t\t<div data-elementor-type=\"wp-page\" data-elementor-id=\"391\" class=\"elementor elementor-391 elementor-198\" data-elementor-post-type=\"page\">\n\t\t\t\t\t\t<section class=\"elementor-section elementor-top-section elementor-element elementor-element-402f6398 elementor-section-boxed elementor-section-height-default elementor-section-height-default\" data-id=\"402f6398\" data-element_type=\"section\" data-settings=\"{&quot;background_background&quot;:&quot;classic&quot;}\">\n\t\t\t\t\t\t\t<div class=\"elementor-background-overlay\"><\/div>\n\t\t\t\t\t\t\t<div class=\"elementor-container elementor-column-gap-default\">\n\t\t\t\t\t<div class=\"elementor-column elementor-col-100 elementor-top-column elementor-element elementor-element-634e9734\" data-id=\"634e9734\" data-element_type=\"column\">\n\t\t\t<div class=\"elementor-widget-wrap elementor-element-populated\">\n\t\t\t\t\t\t<div class=\"elementor-element elementor-element-1d7797a9 elementor-widget elementor-widget-heading\" data-id=\"1d7797a9\" data-element_type=\"widget\" data-widget_type=\"heading.default\">\n\t\t\t\t<div class=\"elementor-widget-container\">\n\t\t\t\t\t<h2 class=\"elementor-heading-title elementor-size-default\">Qui\u00e9nes somos<\/h2>\t\t\t\t<\/div>\n\t\t\t\t<\/div>\n\t\t\t\t<div class=\"elementor-element elementor-element-5be04a25 elementor-icon-list--layout-inline elementor-align-center elementor-list-item-link-full_width elementor-widget elementor-widget-icon-list\" data-id=\"5be04a25\" data-element_type=\"widget\" data-widget_type=\"icon-list.default\">\n\t\t\t\t<div class=\"elementor-widget-container\">\n\t\t\t\t\t\t\t<ul class=\"elementor-icon-list-items elementor-inline-items\">\n\t\t\t\t\t\t\t<li class=\"elementor-icon-list-item elementor-inline-item\">\n\t\t\t\t\t\t\t\t\t\t\t<a href=\"\/\">\n\n\t\t\t\t\t\t\t\t\t\t\t<span class=\"elementor-icon-list-text\">Inicio<\/span>\n\t\t\t\t\t\t\t\t\t\t\t<\/a>\n\t\t\t\t\t\t\t\t\t<\/li>\n\t\t\t\t\t\t\t\t<li class=\"elementor-icon-list-item elementor-inline-item\">\n\t\t\t\t\t\t\t\t\t\t\t<a href=\"\/empresa\">\n\n\t\t\t\t\t\t\t\t\t\t\t\t<span class=\"elementor-icon-list-icon\">\n\t\t\t\t\t\t\t<svg aria-hidden=\"true\" class=\"e-font-icon-svg e-fas-chevron-right\" viewBox=\"0 0 320 512\" xmlns=\"http:\/\/www.w3.org\/2000\/svg\"><path d=\"M285.476 272.971L91.132 467.314c-9.373 9.373-24.569 9.373-33.941 0l-22.667-22.667c-9.357-9.357-9.375-24.522-.04-33.901L188.505 256 34.484 101.255c-9.335-9.379-9.317-24.544.04-33.901l22.667-22.667c9.373-9.373 24.569-9.373 33.941 0L285.475 239.03c9.373 9.372 9.373 24.568.001 33.941z\"><\/path><\/svg>\t\t\t\t\t\t<\/span>\n\t\t\t\t\t\t\t\t\t\t<span class=\"elementor-icon-list-text\">Qui\u00e9nes somos<\/span>\n\t\t\t\t\t\t\t\t\t\t\t<\/a>\n\t\t\t\t\t\t\t\t\t<\/li>\n\t\t\t\t\t\t<\/ul>\n\t\t\t\t\t\t<\/div>\n\t\t\t\t<\/div>\n\t\t\t\t\t<\/div>\n\t\t<\/div>\n\t\t\t\t\t<\/div>\n\t\t<\/section>\n\t\t\t\t<section class=\"elementor-section elementor-top-section elementor-element elementor-element-3ce6721e elementor-section-content-middle elementor-reverse-tablet elementor-reverse-mobile elementor-section-boxed elementor-section-height-default elementor-section-height-default\" data-id=\"3ce6721e\" data-element_type=\"section\" data-settings=\"{&quot;background_background&quot;:&quot;classic&quot;}\">\n\t\t\t\t\t\t<div class=\"elementor-container elementor-column-gap-default\">\n\t\t\t\t\t<div class=\"elementor-column elementor-col-50 elementor-top-column elementor-element elementor-element-48049673\" data-id=\"48049673\" data-element_type=\"column\">\n\t\t\t<div class=\"elementor-widget-wrap elementor-element-populated\">\n\t\t\t\t\t\t<div class=\"elementor-element elementor-element-16a95b2d animated-slow elementor-invisible elementor-widget elementor-widget-jkit_heading\" data-id=\"16a95b2d\" data-element_type=\"widget\" data-settings=\"{&quot;_animation&quot;:&quot;fadeInLeft&quot;}\" data-widget_type=\"jkit_heading.default\">\n\t\t\t\t<div class=\"elementor-widget-container\">\n\t\t\t\t\t<div  class=\"jeg-elementor-kit jkit-heading  align- align-tablet- align-mobile- jeg_module___69f9e4c5222a5\" ><div class=\"heading-section-title  display-inline-block\"><h5 class=\"heading-title\">COSTA CLOTAS<\/h5><\/div><div class=\"heading-section-separator\"><div class=\"separator-wrapper style-solid\"><\/div><\/div><\/div>\t\t\t\t<\/div>\n\t\t\t\t<\/div>\n\t\t\t\t<div class=\"elementor-element elementor-element-15a89a55 elementor-widget elementor-widget-heading\" data-id=\"15a89a55\" data-element_type=\"widget\" data-widget_type=\"heading.default\">\n\t\t\t\t<div class=\"elementor-widget-container\">\n\t\t\t\t\t<h2 class=\"elementor-heading-title elementor-size-default\">La empresa\n<\/h2>\t\t\t\t<\/div>\n\t\t\t\t<\/div>\n\t\t\t\t<div class=\"elementor-element elementor-element-52361906 elementor-widget elementor-widget-text-editor\" data-id=\"52361906\" data-element_type=\"widget\" data-widget_type=\"text-editor.default\">\n\t\t\t\t<div class=\"elementor-widget-container\">\n\t\t\t\t\t\t\t\t\t<p>Costa Clotas fue fundada en Figueres, en 1992, con el objetivo de ofrecer a nuestros clientes la m\u00e1xima dedicaci\u00f3n y esfuerzo para su negocio, b\u00e1sicamente a peque\u00f1as y medianas empresas, as\u00ed como a aut\u00f3nomos.<\/p><p>Desde sus inicios nos hemos ido adaptando a los cambios del mundo empresarial, ampliando nuestros servicios para poder ofrecer un asesoramiento integral en todos los \u00e1mbitos, que permita descargar a las empresas de aquellas tareas que, dada su complejidad, requieren la atenci\u00f3n de profesionales.<\/p><p>Por eso, en nuestra asesor\u00eda disponemos de un equipo de economistas, abogados y corredores de seguros colegiados que le ofrecer\u00e1n asesoramiento personalizado para dar respuesta a sus necesidades. En caso de ser necesario, nos desplazamos tambi\u00e9n a su domicilio a horas convenidas.<\/p>\t\t\t\t\t\t\t\t<\/div>\n\t\t\t\t<\/div>\n\t\t\t\t\t<\/div>\n\t\t<\/div>\n\t\t\t\t<div class=\"elementor-column elementor-col-50 elementor-top-column elementor-element elementor-element-66885a72\" data-id=\"66885a72\" data-element_type=\"column\" data-settings=\"{&quot;background_background&quot;:&quot;classic&quot;}\">\n\t\t\t<div class=\"elementor-widget-wrap elementor-element-populated\">\n\t\t\t\t\t\t<div class=\"elementor-element elementor-element-63b3b2d9 elementor-widget elementor-widget-spacer\" data-id=\"63b3b2d9\" data-element_type=\"widget\" data-widget_type=\"spacer.default\">\n\t\t\t\t<div class=\"elementor-widget-container\">\n\t\t\t\t\t\t\t<div class=\"elementor-spacer\">\n\t\t\t<div class=\"elementor-spacer-inner\"><\/div>\n\t\t<\/div>\n\t\t\t\t\t\t<\/div>\n\t\t\t\t<\/div>\n\t\t\t\t\t<\/div>\n\t\t<\/div>\n\t\t\t\t\t<\/div>\n\t\t<\/section>\n\t\t\t\t<section class=\"elementor-section elementor-top-section elementor-element elementor-element-f330b3b elementor-section-boxed elementor-section-height-default elementor-section-height-default\" data-id=\"f330b3b\" data-element_type=\"section\" data-settings=\"{&quot;background_background&quot;:&quot;classic&quot;}\">\n\t\t\t\t\t\t\t<div class=\"elementor-background-overlay\"><\/div>\n\t\t\t\t\t\t\t<div class=\"elementor-container elementor-column-gap-default\">\n\t\t\t\t\t<div class=\"elementor-column elementor-col-100 elementor-top-column elementor-element elementor-element-2f0f557b\" data-id=\"2f0f557b\" data-element_type=\"column\" data-settings=\"{&quot;background_background&quot;:&quot;classic&quot;}\">\n\t\t\t<div class=\"elementor-widget-wrap elementor-element-populated\">\n\t\t\t\t\t\t<section class=\"elementor-section elementor-inner-section elementor-element elementor-element-4e259fe8 animated-slow elementor-section-boxed elementor-section-height-default elementor-section-height-default elementor-invisible\" data-id=\"4e259fe8\" data-element_type=\"section\" data-settings=\"{&quot;animation&quot;:&quot;fadeInUp&quot;}\">\n\t\t\t\t\t\t<div class=\"elementor-container elementor-column-gap-no\">\n\t\t\t\t\t<div class=\"elementor-column elementor-col-50 elementor-inner-column elementor-element elementor-element-12bd2802\" data-id=\"12bd2802\" data-element_type=\"column\">\n\t\t\t<div class=\"elementor-widget-wrap elementor-element-populated\">\n\t\t\t\t\t\t<div class=\"elementor-element elementor-element-7f3ec3fd jkit-equal-height-disable elementor-widget elementor-widget-jkit_icon_box\" data-id=\"7f3ec3fd\" data-element_type=\"widget\" data-widget_type=\"jkit_icon_box.default\">\n\t\t\t\t<div class=\"elementor-widget-container\">\n\t\t\t\t\t<div  class=\"jeg-elementor-kit jkit-icon-box icon-position-left elementor-animation- jeg_module__1_69f9e4c523516\" ><div class=\"jkit-icon-box-wrapper hover-from-left\"><div class=\"icon-box icon-box-header elementor-animation-float\"><div class=\"icon style-color\"><i aria-hidden=\"true\" class=\"jki jki-target-light\"><\/i><\/div><\/div><div class=\"icon-box icon-box-body\">\n                <h3 class=\"title\">Visi\u00f3n i misi\u00f3n<\/h3><p class=\"icon-box-description\">En Costa Clotas trabajamos para ofrecer soluciones contables y de gesti\u00f3n eficientes, con el objetivo de contribuir al crecimiento y la estabilidad de nuestros clientes, siempre con transparencia y compromiso.\n<\/p>\n            <\/div>\n            \n            <\/div><\/div>\t\t\t\t<\/div>\n\t\t\t\t<\/div>\n\t\t\t\t\t<\/div>\n\t\t<\/div>\n\t\t\t\t<div class=\"elementor-column elementor-col-50 elementor-inner-column elementor-element elementor-element-c5c704b\" data-id=\"c5c704b\" data-element_type=\"column\">\n\t\t\t<div class=\"elementor-widget-wrap elementor-element-populated\">\n\t\t\t\t\t\t<div class=\"elementor-element elementor-element-7d9f6aa4 jkit-equal-height-disable elementor-widget elementor-widget-jkit_icon_box\" data-id=\"7d9f6aa4\" data-element_type=\"widget\" data-widget_type=\"jkit_icon_box.default\">\n\t\t\t\t<div class=\"elementor-widget-container\">\n\t\t\t\t\t<div  class=\"jeg-elementor-kit jkit-icon-box icon-position-left elementor-animation- jeg_module__2_69f9e4c5268eb\" ><div class=\"jkit-icon-box-wrapper hover-from-left\"><div class=\"icon-box icon-box-header elementor-animation-float\"><div class=\"icon style-color\"><i aria-hidden=\"true\" class=\"jki jki-customer-service-light\"><\/i><\/div><\/div><div class=\"icon-box icon-box-body\">\n                <h3 class=\"title\">Atenci\u00f3n personalizada<\/h3><p class=\"icon-box-description\">Ofrecemos un trato cercano y adaptado a cada cliente, escuchando sus necesidades y proponiendo respuestas \u00e1giles y precisas para facilitar su gesti\u00f3n empresarial y administrativa.\n<\/p>\n            <\/div>\n            \n            <\/div><\/div>\t\t\t\t<\/div>\n\t\t\t\t<\/div>\n\t\t\t\t\t<\/div>\n\t\t<\/div>\n\t\t\t\t\t<\/div>\n\t\t<\/section>\n\t\t\t\t<section class=\"elementor-section elementor-inner-section elementor-element elementor-element-1765a677 elementor-section-boxed elementor-section-height-default elementor-section-height-default\" data-id=\"1765a677\" data-element_type=\"section\">\n\t\t\t\t\t\t<div class=\"elementor-container elementor-column-gap-no\">\n\t\t\t\t\t<div class=\"elementor-column elementor-col-25 elementor-inner-column elementor-element elementor-element-592a68ab\" data-id=\"592a68ab\" data-element_type=\"column\">\n\t\t\t<div class=\"elementor-widget-wrap elementor-element-populated\">\n\t\t\t\t\t\t<div class=\"elementor-element elementor-element-7db7d96a elementor-widget elementor-widget-jkit_fun_fact\" data-id=\"7db7d96a\" data-element_type=\"widget\" data-widget_type=\"jkit_fun_fact.default\">\n\t\t\t\t<div class=\"elementor-widget-container\">\n\t\t\t\t\t<div  class=\"jeg-elementor-kit jkit-fun-fact align-center hover-from-left elementor-animation- jeg_module__3_69f9e4c5274de\" ><div class=fun-fact-inner><div class=\"icon elementor-animation-\"><i aria-hidden=\"true\" class=\"jki jki-team-1-light\"><\/i><\/div>\n            <div class=\"content\">\n                <div class=\"number-wrapper\"><span class=\"prefix\"><\/span>\n        <span class=\"number\" data-value=\"2245\" data-animation-duration=\"3500\">0<\/span>\n        <span class=\"suffix\"><\/span><sup class=\"super\">+<\/sup><\/div>\n                <span class=\"title\">Clientes satisfechos<\/span>\n            <\/div>\n        <\/div><\/div>\t\t\t\t<\/div>\n\t\t\t\t<\/div>\n\t\t\t\t\t<\/div>\n\t\t<\/div>\n\t\t\t\t<div class=\"elementor-column elementor-col-25 elementor-inner-column elementor-element elementor-element-10f08e4b\" data-id=\"10f08e4b\" data-element_type=\"column\">\n\t\t\t<div class=\"elementor-widget-wrap elementor-element-populated\">\n\t\t\t\t\t\t<div class=\"elementor-element elementor-element-bfc2ddb elementor-widget elementor-widget-jkit_fun_fact\" data-id=\"bfc2ddb\" data-element_type=\"widget\" data-widget_type=\"jkit_fun_fact.default\">\n\t\t\t\t<div class=\"elementor-widget-container\">\n\t\t\t\t\t<div  class=\"jeg-elementor-kit jkit-fun-fact align-center hover-from-left elementor-animation- jeg_module__4_69f9e4c527afc\" ><div class=fun-fact-inner><div class=\"icon elementor-animation-\"><i aria-hidden=\"true\" class=\"jki jki-Profile-light\"><\/i><\/div>\n            <div class=\"content\">\n                <div class=\"number-wrapper\"><span class=\"prefix\"><\/span>\n        <span class=\"number\" data-value=\"995\" data-animation-duration=\"3500\">0<\/span>\n        <span class=\"suffix\"><\/span><sup class=\"super\">+<\/sup><\/div>\n                <h5 class=\"title\">Servicios y tr\u00e1mites<\/h5>\n            <\/div>\n        <\/div><\/div>\t\t\t\t<\/div>\n\t\t\t\t<\/div>\n\t\t\t\t\t<\/div>\n\t\t<\/div>\n\t\t\t\t<div class=\"elementor-column elementor-col-25 elementor-inner-column elementor-element elementor-element-749d437f\" data-id=\"749d437f\" data-element_type=\"column\">\n\t\t\t<div class=\"elementor-widget-wrap elementor-element-populated\">\n\t\t\t\t\t\t<div class=\"elementor-element elementor-element-3c694a56 elementor-widget elementor-widget-jkit_fun_fact\" data-id=\"3c694a56\" data-element_type=\"widget\" data-widget_type=\"jkit_fun_fact.default\">\n\t\t\t\t<div class=\"elementor-widget-container\">\n\t\t\t\t\t<div  class=\"jeg-elementor-kit jkit-fun-fact align-center hover-from-left elementor-animation- jeg_module__5_69f9e4c5281c7\" ><div class=fun-fact-inner><div class=\"icon elementor-animation-\"><i aria-hidden=\"true\" class=\"jki jki-badge\"><\/i><\/div>\n            <div class=\"content\">\n                <div class=\"number-wrapper\"><span class=\"prefix\"><\/span>\n        <span class=\"number\" data-value=\"33\" data-animation-duration=\"3500\">0<\/span>\n        <span class=\"suffix\">a\u00f1os<\/span><sup class=\"super\">+<\/sup><\/div>\n                <h5 class=\"title\">Desde 1992<\/h5>\n            <\/div>\n        <\/div><\/div>\t\t\t\t<\/div>\n\t\t\t\t<\/div>\n\t\t\t\t\t<\/div>\n\t\t<\/div>\n\t\t\t\t<div class=\"elementor-column elementor-col-25 elementor-inner-column elementor-element elementor-element-5089988a\" data-id=\"5089988a\" data-element_type=\"column\">\n\t\t\t<div class=\"elementor-widget-wrap elementor-element-populated\">\n\t\t\t\t\t\t<div class=\"elementor-element elementor-element-4debaf65 elementor-widget elementor-widget-jkit_fun_fact\" data-id=\"4debaf65\" data-element_type=\"widget\" data-widget_type=\"jkit_fun_fact.default\">\n\t\t\t\t<div class=\"elementor-widget-container\">\n\t\t\t\t\t<div  class=\"jeg-elementor-kit jkit-fun-fact align-center hover-from-left elementor-animation- jeg_module__6_69f9e4c528743\" ><div class=fun-fact-inner><div class=\"icon elementor-animation-\"><i aria-hidden=\"true\" class=\"jki jki-team1-light\"><\/i><\/div>\n            <div class=\"content\">\n                <div class=\"number-wrapper\"><span class=\"prefix\"><\/span>\n        <span class=\"number\" data-value=\"12\" data-animation-duration=\"3500\">0<\/span>\n        <span class=\"suffix\"><\/span><sup class=\"super\">+<\/sup><\/div>\n                <h5 class=\"title\">Equipo de profesionales<\/h5>\n            <\/div>\n        <\/div><\/div>\t\t\t\t<\/div>\n\t\t\t\t<\/div>\n\t\t\t\t\t<\/div>\n\t\t<\/div>\n\t\t\t\t\t<\/div>\n\t\t<\/section>\n\t\t\t\t\t<\/div>\n\t\t<\/div>\n\t\t\t\t\t<\/div>\n\t\t<\/section>\n\t\t\t\t<\/div>\n\t\t","protected":false},"excerpt":{"rendered":"<p>Qui\u00e9nes somos Inicio Qui\u00e9nes somos COSTA CLOTAS La empresa Costa Clotas fue fundada en Figueres, en 1992, con el objetivo de ofrecer a nuestros clientes la m\u00e1xima dedicaci\u00f3n y esfuerzo para su negocio, b\u00e1sicamente a peque\u00f1as y medianas empresas, as\u00ed como a aut\u00f3nomos. Desde sus inicios nos hemos ido adaptando a los cambios del mundo [&hellip;]<\/p>\n","protected":false},"author":2,"featured_media":0,"parent":0,"menu_order":200,"comment_status":"closed","ping_status":"closed","template":"","meta":{"_joinchat":[],"footnotes":""},"class_list":["post-391","page","type-page","status-publish","hentry"],"yoast_head":"<!-- This site is optimized with the Yoast SEO plugin v25.7 - https:\/\/yoast.com\/wordpress\/plugins\/seo\/ -->\n<title>Qui\u00e9nes somos - Assessoria Costa Clotas<\/title>\n<meta name=\"robots\" content=\"index, follow, max-snippet:-1, max-image-preview:large, max-video-preview:-1\" \/>\n<link rel=\"canonical\" href=\"https:\/\/costaclotas.com\/es\/quienes-somos\/\" \/>\n<meta property=\"og:locale\" content=\"es_ES\" \/>\n<meta property=\"og:type\" content=\"article\" \/>\n<meta property=\"og:title\" content=\"Qui\u00e9nes somos - Assessoria Costa Clotas\" \/>\n<meta property=\"og:description\" content=\"Qui\u00e9nes somos Inicio Qui\u00e9nes somos COSTA CLOTAS La empresa Costa Clotas fue fundada en Figueres, en 1992, con el objetivo de ofrecer a nuestros clientes la m\u00e1xima dedicaci\u00f3n y esfuerzo para su negocio, b\u00e1sicamente a peque\u00f1as y medianas empresas, as\u00ed como a aut\u00f3nomos. Desde sus inicios nos hemos ido adaptando a los cambios del mundo [&hellip;]\" \/>\n<meta property=\"og:url\" content=\"https:\/\/costaclotas.com\/es\/quienes-somos\/\" \/>\n<meta property=\"og:site_name\" content=\"Assessoria Costa Clotas\" \/>\n<meta property=\"article:modified_time\" content=\"2025-08-14T14:06:41+00:00\" \/>\n<meta name=\"twitter:card\" content=\"summary_large_image\" \/>\n<meta name=\"twitter:label1\" content=\"Tiempo de lectura\" \/>\n\t<meta name=\"twitter:data1\" content=\"1 minuto\" \/>\n<script type=\"application\/ld+json\" class=\"yoast-schema-graph\">{\"@context\":\"https:\/\/schema.org\",\"@graph\":[{\"@type\":\"WebPage\",\"@id\":\"https:\/\/costaclotas.com\/es\/quienes-somos\/\",\"url\":\"https:\/\/costaclotas.com\/es\/quienes-somos\/\",\"name\":\"Qui\u00e9nes somos - Assessoria Costa Clotas\",\"isPartOf\":{\"@id\":\"https:\/\/costaclotas.com\/es\/#website\"},\"datePublished\":\"2025-08-13T10:25:46+00:00\",\"dateModified\":\"2025-08-14T14:06:41+00:00\",\"breadcrumb\":{\"@id\":\"https:\/\/costaclotas.com\/es\/quienes-somos\/#breadcrumb\"},\"inLanguage\":\"es\",\"potentialAction\":[{\"@type\":\"ReadAction\",\"target\":[\"https:\/\/costaclotas.com\/es\/quienes-somos\/\"]}]},{\"@type\":\"BreadcrumbList\",\"@id\":\"https:\/\/costaclotas.com\/es\/quienes-somos\/#breadcrumb\",\"itemListElement\":[{\"@type\":\"ListItem\",\"position\":1,\"name\":\"Inici\",\"item\":\"https:\/\/costaclotas.com\/es\/\"},{\"@type\":\"ListItem\",\"position\":2,\"name\":\"Qui\u00e9nes somos\"}]},{\"@type\":\"WebSite\",\"@id\":\"https:\/\/costaclotas.com\/es\/#website\",\"url\":\"https:\/\/costaclotas.com\/es\/\",\"name\":\"Assessoria Costa Clotas\",\"description\":\"\",\"publisher\":{\"@id\":\"https:\/\/costaclotas.com\/es\/#organization\"},\"potentialAction\":[{\"@type\":\"SearchAction\",\"target\":{\"@type\":\"EntryPoint\",\"urlTemplate\":\"https:\/\/costaclotas.com\/es\/?s={search_term_string}\"},\"query-input\":{\"@type\":\"PropertyValueSpecification\",\"valueRequired\":true,\"valueName\":\"search_term_string\"}}],\"inLanguage\":\"es\"},{\"@type\":\"Organization\",\"@id\":\"https:\/\/costaclotas.com\/es\/#organization\",\"name\":\"Assessoria Costa Clotas\",\"url\":\"https:\/\/costaclotas.com\/es\/\",\"logo\":{\"@type\":\"ImageObject\",\"inLanguage\":\"es\",\"@id\":\"https:\/\/costaclotas.com\/es\/#\/schema\/logo\/image\/\",\"url\":\"https:\/\/costaclotas.com\/wp-content\/uploads\/2025\/08\/cropped-favicon.png\",\"contentUrl\":\"https:\/\/costaclotas.com\/wp-content\/uploads\/2025\/08\/cropped-favicon.png\",\"width\":43,\"height\":38,\"caption\":\"Assessoria Costa Clotas\"},\"image\":{\"@id\":\"https:\/\/costaclotas.com\/es\/#\/schema\/logo\/image\/\"}}]}<\/script>\n<!-- \/ Yoast SEO plugin. -->","yoast_head_json":{"title":"Qui\u00e9nes somos - Assessoria Costa Clotas","robots":{"index":"index","follow":"follow","max-snippet":"max-snippet:-1","max-image-preview":"max-image-preview:large","max-video-preview":"max-video-preview:-1"},"canonical":"https:\/\/costaclotas.com\/es\/quienes-somos\/","og_locale":"es_ES","og_type":"article","og_title":"Qui\u00e9nes somos - Assessoria Costa Clotas","og_description":"Qui\u00e9nes somos Inicio Qui\u00e9nes somos COSTA CLOTAS La empresa Costa Clotas fue fundada en Figueres, en 1992, con el objetivo de ofrecer a nuestros clientes la m\u00e1xima dedicaci\u00f3n y esfuerzo para su negocio, b\u00e1sicamente a peque\u00f1as y medianas empresas, as\u00ed como a aut\u00f3nomos. Desde sus inicios nos hemos ido adaptando a los cambios del mundo [&hellip;]","og_url":"https:\/\/costaclotas.com\/es\/quienes-somos\/","og_site_name":"Assessoria Costa Clotas","article_modified_time":"2025-08-14T14:06:41+00:00","twitter_card":"summary_large_image","twitter_misc":{"Tiempo de lectura":"1 minuto"},"schema":{"@context":"https:\/\/schema.org","@graph":[{"@type":"WebPage","@id":"https:\/\/costaclotas.com\/es\/quienes-somos\/","url":"https:\/\/costaclotas.com\/es\/quienes-somos\/","name":"Qui\u00e9nes somos - Assessoria Costa Clotas","isPartOf":{"@id":"https:\/\/costaclotas.com\/es\/#website"},"datePublished":"2025-08-13T10:25:46+00:00","dateModified":"2025-08-14T14:06:41+00:00","breadcrumb":{"@id":"https:\/\/costaclotas.com\/es\/quienes-somos\/#breadcrumb"},"inLanguage":"es","potentialAction":[{"@type":"ReadAction","target":["https:\/\/costaclotas.com\/es\/quienes-somos\/"]}]},{"@type":"BreadcrumbList","@id":"https:\/\/costaclotas.com\/es\/quienes-somos\/#breadcrumb","itemListElement":[{"@type":"ListItem","position":1,"name":"Inici","item":"https:\/\/costaclotas.com\/es\/"},{"@type":"ListItem","position":2,"name":"Qui\u00e9nes somos"}]},{"@type":"WebSite","@id":"https:\/\/costaclotas.com\/es\/#website","url":"https:\/\/costaclotas.com\/es\/","name":"Assessoria Costa Clotas","description":"","publisher":{"@id":"https:\/\/costaclotas.com\/es\/#organization"},"potentialAction":[{"@type":"SearchAction","target":{"@type":"EntryPoint","urlTemplate":"https:\/\/costaclotas.com\/es\/?s={search_term_string}"},"query-input":{"@type":"PropertyValueSpecification","valueRequired":true,"valueName":"search_term_string"}}],"inLanguage":"es"},{"@type":"Organization","@id":"https:\/\/costaclotas.com\/es\/#organization","name":"Assessoria Costa Clotas","url":"https:\/\/costaclotas.com\/es\/","logo":{"@type":"ImageObject","inLanguage":"es","@id":"https:\/\/costaclotas.com\/es\/#\/schema\/logo\/image\/","url":"https:\/\/costaclotas.com\/wp-content\/uploads\/2025\/08\/cropped-favicon.png","contentUrl":"https:\/\/costaclotas.com\/wp-content\/uploads\/2025\/08\/cropped-favicon.png","width":43,"height":38,"caption":"Assessoria Costa Clotas"},"image":{"@id":"https:\/\/costaclotas.com\/es\/#\/schema\/logo\/image\/"}}]}},"_links":{"self":[{"href":"https:\/\/costaclotas.com\/es\/wp-json\/wp\/v2\/pages\/391","targetHints":{"allow":["GET"]}}],"collection":[{"href":"https:\/\/costaclotas.com\/es\/wp-json\/wp\/v2\/pages"}],"about":[{"href":"https:\/\/costaclotas.com\/es\/wp-json\/wp\/v2\/types\/page"}],"author":[{"embeddable":true,"href":"https:\/\/costaclotas.com\/es\/wp-json\/wp\/v2\/users\/2"}],"replies":[{"embeddable":true,"href":"https:\/\/costaclotas.com\/es\/wp-json\/wp\/v2\/comments?post=391"}],"version-history":[{"count":4,"href":"https:\/\/costaclotas.com\/es\/wp-json\/wp\/v2\/pages\/391\/revisions"}],"predecessor-version":[{"id":637,"href":"https:\/\/costaclotas.com\/es\/wp-json\/wp\/v2\/pages\/391\/revisions\/637"}],"wp:attachment":[{"href":"https:\/\/costaclotas.com\/es\/wp-json\/wp\/v2\/media?parent=391"}],"curies":[{"name":"wp","href":"https:\/\/api.w.org\/{rel}","templated":true}]}}